{"id":196,"date":"2020-09-09T14:02:12","date_gmt":"2020-09-09T14:02:12","guid":{"rendered":"http:\/\/archibald-charles-bridge.ms.decms.eu\/?page_id=196"},"modified":"2024-12-11T11:29:52","modified_gmt":"2024-12-11T11:29:52","slug":"ctyrluzkovy-pokoj-s-vyhledem-na-reku","status":"publish","type":"page","link":"https:\/\/www.archibaldatthecharlesbridge.cz\/cs\/pokoje\/ctyrluzkovy-pokoj-s-vyhledem-na-reku\/","title":{"rendered":"\u010cty\u0159l\u016f\u017ekov\u00fd pokoj s v\u00fdhledem na \u0159eku"},"content":{"rendered":"<p>Pokoj s klimatizac\u00ed, satelitn\u00ed TV, bezpe\u010dnostn\u00ed schr\u00e1nkou a bezplatn\u00fdm Wi-Fi p\u0159ipojen\u00edm. Pokoj nab\u00edz\u00ed v\u00fdhled na Karl\u016fv most a Vltavu.<\/p>\n<ul>\n<li><span class=\"attribute-label\">Max. po\u010det host\u016f: <strong>4<\/strong><\/span><\/li>\n<li><span class=\"attribute-label\">Typy postel\u00ed: <strong>1 man\u017eelsk\u00e1 postel a 1 rozkl\u00e1dac\u00ed man\u017eelsk\u00e1 pohovka nebo 2 jednol\u016f\u017ekov\u00e9 postele a 1 rozkl\u00e1dac\u00ed man\u017eelsk\u00e1 pohovka<\/strong><\/span><\/li>\n<li><span class=\"attribute-label\">Velikost pokoje: <\/span><strong><span class=\"attribute-value\">33 m\u00b2<\/span><\/strong><\/li>\n<\/ul>\n<p class=\"sectionTitle\"><strong>Vybaven\u00ed<\/strong>: p\u0159\u00edslu\u0161enstv\u00ed na p\u0159\u00edpravu \u010daje a k\u00e1vy, trezor, telefon, klimatizace, f\u00e9n, ledni\u010dka, posezen\u00ed, toaletn\u00ed pot\u0159eby zdarma, toaleta, vlastn\u00ed koupelna s vanou \u010di sprchou, topen\u00ed, satelitn\u00ed programy,\u00a0TV s plochou obrazovkou, rychlovarn\u00e1 konvice, sk\u0159\u00ed\u0148, ru\u010dn\u00edky a dal\u0161\u00ed.<\/p>\n","protected":false},"excerpt":{"rendered":"<p>Pokoj s klimatizac\u00ed, satelitn\u00ed TV, bezpe\u010dnostn\u00ed schr\u00e1nkou a bezplatn\u00fdm Wi-Fi p\u0159ipojen\u00edm. Pokoj nab\u00edz\u00ed v\u00fdhled na Karl\u016fv most a Vltavu. Max. po\u010det host\u016f: 4 Typy postel\u00ed: 1 man\u017eelsk\u00e1 postel a 1 rozkl\u00e1dac\u00ed man\u017eelsk\u00e1 pohovka nebo 2 jednol\u016f\u017ekov\u00e9 postele a 1 rozkl\u00e1dac\u00ed man\u017eelsk\u00e1 pohovka Velikost pokoje: 33 m\u00b2 Vybaven\u00ed: p\u0159\u00edslu\u0161enstv\u00ed na p\u0159\u00edpravu \u010daje a k\u00e1vy, trezor, telefon, [&hellip;]<\/p>\n","protected":false},"author":4,"featured_media":0,"parent":190,"menu_order":60,"comment_status":"closed","ping_status":"closed","template":"template-single-room.php","meta":{"footnotes":""},"class_list":["post-196","page","type-page","status-publish","hentry"],"yoast_head":"<!-- This site is optimized with the Yoast SEO plugin v26.9 - https:\/\/yoast.com\/product\/yoast-seo-wordpress\/ -->\n<title>\u010cty\u0159l\u016f\u017ekov\u00fd pokoj s v\u00fdhledem na \u0159eku - Archibald at the Charles Bridge<\/title>\n<meta name=\"robots\" content=\"index, follow, max-snippet:-1, max-image-preview:large, max-video-preview:-1\" \/>\n<link rel=\"canonical\" href=\"https:\/\/www.archibaldatthecharlesbridge.cz\/cs\/pokoje\/ctyrluzkovy-pokoj-s-vyhledem-na-reku\/\" \/>\n<meta property=\"og:locale\" content=\"cs_CZ\" \/>\n<meta property=\"og:type\" content=\"article\" \/>\n<meta property=\"og:title\" content=\"\u010cty\u0159l\u016f\u017ekov\u00fd pokoj s v\u00fdhledem na \u0159eku - Archibald at the Charles Bridge\" \/>\n<meta property=\"og:description\" content=\"Pokoj s klimatizac\u00ed, satelitn\u00ed TV, bezpe\u010dnostn\u00ed schr\u00e1nkou a bezplatn\u00fdm Wi-Fi p\u0159ipojen\u00edm. Pokoj nab\u00edz\u00ed v\u00fdhled na Karl\u016fv most a Vltavu. Max. po\u010det host\u016f: 4 Typy postel\u00ed: 1 man\u017eelsk\u00e1 postel a 1 rozkl\u00e1dac\u00ed man\u017eelsk\u00e1 pohovka nebo 2 jednol\u016f\u017ekov\u00e9 postele a 1 rozkl\u00e1dac\u00ed man\u017eelsk\u00e1 pohovka Velikost pokoje: 33 m\u00b2 Vybaven\u00ed: p\u0159\u00edslu\u0161enstv\u00ed na p\u0159\u00edpravu \u010daje a k\u00e1vy, trezor, telefon, [&hellip;]\" \/>\n<meta property=\"og:url\" content=\"https:\/\/www.archibaldatthecharlesbridge.cz\/cs\/pokoje\/ctyrluzkovy-pokoj-s-vyhledem-na-reku\/\" \/>\n<meta property=\"og:site_name\" content=\"Archibald at the Charles Bridge\" \/>\n<meta property=\"article:modified_time\" content=\"2024-12-11T11:29:52+00:00\" \/>\n<meta name=\"twitter:card\" content=\"summary_large_image\" \/>\n<meta name=\"twitter:label1\" content=\"Odhadovan\u00e1 doba \u010dten\u00ed\" \/>\n\t<meta name=\"twitter:data1\" content=\"1 minuta\" \/>\n<script type=\"application\/ld+json\" class=\"yoast-schema-graph\">{\"@context\":\"https:\/\/schema.org\",\"@graph\":[{\"@type\":\"WebPage\",\"@id\":\"https:\/\/www.archibaldatthecharlesbridge.cz\/cs\/pokoje\/ctyrluzkovy-pokoj-s-vyhledem-na-reku\/\",\"url\":\"https:\/\/www.archibaldatthecharlesbridge.cz\/cs\/pokoje\/ctyrluzkovy-pokoj-s-vyhledem-na-reku\/\",\"name\":\"\u010cty\u0159l\u016f\u017ekov\u00fd pokoj s v\u00fdhledem na \u0159eku - Archibald at the Charles Bridge\",\"isPartOf\":{\"@id\":\"https:\/\/www.archibaldatthecharlesbridge.cz\/cs\/#website\"},\"datePublished\":\"2020-09-09T14:02:12+00:00\",\"dateModified\":\"2024-12-11T11:29:52+00:00\",\"breadcrumb\":{\"@id\":\"https:\/\/www.archibaldatthecharlesbridge.cz\/cs\/pokoje\/ctyrluzkovy-pokoj-s-vyhledem-na-reku\/#breadcrumb\"},\"inLanguage\":\"cs\",\"potentialAction\":[{\"@type\":\"ReadAction\",\"target\":[\"https:\/\/www.archibaldatthecharlesbridge.cz\/cs\/pokoje\/ctyrluzkovy-pokoj-s-vyhledem-na-reku\/\"]}]},{\"@type\":\"BreadcrumbList\",\"@id\":\"https:\/\/www.archibaldatthecharlesbridge.cz\/cs\/pokoje\/ctyrluzkovy-pokoj-s-vyhledem-na-reku\/#breadcrumb\",\"itemListElement\":[{\"@type\":\"ListItem\",\"position\":1,\"name\":\"Home\",\"item\":\"https:\/\/www.archibaldatthecharlesbridge.cz\/cs\/\"},{\"@type\":\"ListItem\",\"position\":2,\"name\":\"Pokoje\",\"item\":\"https:\/\/www.archibaldatthecharlesbridge.cz\/cs\/pokoje\/\"},{\"@type\":\"ListItem\",\"position\":3,\"name\":\"\u010cty\u0159l\u016f\u017ekov\u00fd pokoj s v\u00fdhledem na \u0159eku\"}]},{\"@type\":\"WebSite\",\"@id\":\"https:\/\/www.archibaldatthecharlesbridge.cz\/cs\/#website\",\"url\":\"https:\/\/www.archibaldatthecharlesbridge.cz\/cs\/\",\"name\":\"Archibald at the Charles Bridge\",\"description\":\"Just another ms.decms.eu site\",\"potentialAction\":[{\"@type\":\"SearchAction\",\"target\":{\"@type\":\"EntryPoint\",\"urlTemplate\":\"https:\/\/www.archibaldatthecharlesbridge.cz\/cs\/?s={search_term_string}\"},\"query-input\":{\"@type\":\"PropertyValueSpecification\",\"valueRequired\":true,\"valueName\":\"search_term_string\"}}],\"inLanguage\":\"cs\"}]}<\/script>\n<!-- \/ Yoast SEO plugin. -->","yoast_head_json":{"title":"\u010cty\u0159l\u016f\u017ekov\u00fd pokoj s v\u00fdhledem na \u0159eku - Archibald at the Charles Bridge","robots":{"index":"index","follow":"follow","max-snippet":"max-snippet:-1","max-image-preview":"max-image-preview:large","max-video-preview":"max-video-preview:-1"},"canonical":"https:\/\/www.archibaldatthecharlesbridge.cz\/cs\/pokoje\/ctyrluzkovy-pokoj-s-vyhledem-na-reku\/","og_locale":"cs_CZ","og_type":"article","og_title":"\u010cty\u0159l\u016f\u017ekov\u00fd pokoj s v\u00fdhledem na \u0159eku - Archibald at the Charles Bridge","og_description":"Pokoj s klimatizac\u00ed, satelitn\u00ed TV, bezpe\u010dnostn\u00ed schr\u00e1nkou a bezplatn\u00fdm Wi-Fi p\u0159ipojen\u00edm. Pokoj nab\u00edz\u00ed v\u00fdhled na Karl\u016fv most a Vltavu. Max. po\u010det host\u016f: 4 Typy postel\u00ed: 1 man\u017eelsk\u00e1 postel a 1 rozkl\u00e1dac\u00ed man\u017eelsk\u00e1 pohovka nebo 2 jednol\u016f\u017ekov\u00e9 postele a 1 rozkl\u00e1dac\u00ed man\u017eelsk\u00e1 pohovka Velikost pokoje: 33 m\u00b2 Vybaven\u00ed: p\u0159\u00edslu\u0161enstv\u00ed na p\u0159\u00edpravu \u010daje a k\u00e1vy, trezor, telefon, [&hellip;]","og_url":"https:\/\/www.archibaldatthecharlesbridge.cz\/cs\/pokoje\/ctyrluzkovy-pokoj-s-vyhledem-na-reku\/","og_site_name":"Archibald at the Charles Bridge","article_modified_time":"2024-12-11T11:29:52+00:00","twitter_card":"summary_large_image","twitter_misc":{"Odhadovan\u00e1 doba \u010dten\u00ed":"1 minuta"},"schema":{"@context":"https:\/\/schema.org","@graph":[{"@type":"WebPage","@id":"https:\/\/www.archibaldatthecharlesbridge.cz\/cs\/pokoje\/ctyrluzkovy-pokoj-s-vyhledem-na-reku\/","url":"https:\/\/www.archibaldatthecharlesbridge.cz\/cs\/pokoje\/ctyrluzkovy-pokoj-s-vyhledem-na-reku\/","name":"\u010cty\u0159l\u016f\u017ekov\u00fd pokoj s v\u00fdhledem na \u0159eku - Archibald at the Charles Bridge","isPartOf":{"@id":"https:\/\/www.archibaldatthecharlesbridge.cz\/cs\/#website"},"datePublished":"2020-09-09T14:02:12+00:00","dateModified":"2024-12-11T11:29:52+00:00","breadcrumb":{"@id":"https:\/\/www.archibaldatthecharlesbridge.cz\/cs\/pokoje\/ctyrluzkovy-pokoj-s-vyhledem-na-reku\/#breadcrumb"},"inLanguage":"cs","potentialAction":[{"@type":"ReadAction","target":["https:\/\/www.archibaldatthecharlesbridge.cz\/cs\/pokoje\/ctyrluzkovy-pokoj-s-vyhledem-na-reku\/"]}]},{"@type":"BreadcrumbList","@id":"https:\/\/www.archibaldatthecharlesbridge.cz\/cs\/pokoje\/ctyrluzkovy-pokoj-s-vyhledem-na-reku\/#breadcrumb","itemListElement":[{"@type":"ListItem","position":1,"name":"Home","item":"https:\/\/www.archibaldatthecharlesbridge.cz\/cs\/"},{"@type":"ListItem","position":2,"name":"Pokoje","item":"https:\/\/www.archibaldatthecharlesbridge.cz\/cs\/pokoje\/"},{"@type":"ListItem","position":3,"name":"\u010cty\u0159l\u016f\u017ekov\u00fd pokoj s v\u00fdhledem na \u0159eku"}]},{"@type":"WebSite","@id":"https:\/\/www.archibaldatthecharlesbridge.cz\/cs\/#website","url":"https:\/\/www.archibaldatthecharlesbridge.cz\/cs\/","name":"Archibald at the Charles Bridge","description":"Just another ms.decms.eu site","potentialAction":[{"@type":"SearchAction","target":{"@type":"EntryPoint","urlTemplate":"https:\/\/www.archibaldatthecharlesbridge.cz\/cs\/?s={search_term_string}"},"query-input":{"@type":"PropertyValueSpecification","valueRequired":true,"valueName":"search_term_string"}}],"inLanguage":"cs"}]}},"acf":[],"_links":{"self":[{"href":"https:\/\/www.archibaldatthecharlesbridge.cz\/cs\/wp-json\/wp\/v2\/pages\/196","targetHints":{"allow":["GET"]}}],"collection":[{"href":"https:\/\/www.archibaldatthecharlesbridge.cz\/cs\/wp-json\/wp\/v2\/pages"}],"about":[{"href":"https:\/\/www.archibaldatthecharlesbridge.cz\/cs\/wp-json\/wp\/v2\/types\/page"}],"author":[{"embeddable":true,"href":"https:\/\/www.archibaldatthecharlesbridge.cz\/cs\/wp-json\/wp\/v2\/users\/4"}],"replies":[{"embeddable":true,"href":"https:\/\/www.archibaldatthecharlesbridge.cz\/cs\/wp-json\/wp\/v2\/comments?post=196"}],"version-history":[{"count":0,"href":"https:\/\/www.archibaldatthecharlesbridge.cz\/cs\/wp-json\/wp\/v2\/pages\/196\/revisions"}],"up":[{"embeddable":true,"href":"https:\/\/www.archibaldatthecharlesbridge.cz\/cs\/wp-json\/wp\/v2\/pages\/190"}],"wp:attachment":[{"href":"https:\/\/www.archibaldatthecharlesbridge.cz\/cs\/wp-json\/wp\/v2\/media?parent=196"}],"curies":[{"name":"wp","href":"https:\/\/api.w.org\/{rel}","templated":true}]}}