{"id":190,"date":"2020-09-09T13:08:39","date_gmt":"2020-09-09T13:08:39","guid":{"rendered":"http:\/\/archibald-charles-bridge.ms.decms.eu\/?page_id=190"},"modified":"2020-12-15T11:28:47","modified_gmt":"2020-12-15T11:28:47","slug":"pokoje","status":"publish","type":"page","link":"https:\/\/www.archibaldatthecharlesbridge.cz\/cs\/pokoje\/","title":{"rendered":"Pokoje"},"content":{"rendered":"<p style=\"text-align: center\">Hotel Archibald At the Charles Bridge s celkovou kapacitou 43 pokoj\u016f nab\u00edz\u00ed ubytov\u00e1n\u00ed v dvoul\u016f\u017ekov\u00fdch, t\u0159\u00edl\u016f\u017ekov\u00fdch nebo \u010dty\u0159l\u016f\u017ekov\u00fdch pokoj\u00edch. V\u0161echny pokoje jsou neku\u0159\u00e1ck\u00e9. V\u00fdhled z na\u0161ich klimatizovan\u00fdch pokoj\u016f je z \u010d\u00e1sti na malebn\u00e9 n\u00e1m\u011bst\u00ed Na Kamp\u011b, jeho\u017e vzhled v\u00e1s p\u0159enese zp\u011bt do 16. stolet\u00ed anebo se m\u016f\u017eete kochat romantick\u00fdm v\u00fdhledem na Karl\u016fv most a Vltavu. Ubytov\u00e1n\u00ed v \u010d\u00e1sti hotelov\u00e9 zahrady nab\u00edz\u00ed tak\u00e9 jedine\u010dnou mo\u017enost venkovn\u00edho posezen\u00ed p\u0159\u00edmo p\u0159ed pokojem.<\/p>\n","protected":false},"excerpt":{"rendered":"<p>Hotel Archibald At the Charles Bridge s celkovou kapacitou 43 pokoj\u016f nab\u00edz\u00ed ubytov\u00e1n\u00ed v dvoul\u016f\u017ekov\u00fdch, t\u0159\u00edl\u016f\u017ekov\u00fdch nebo \u010dty\u0159l\u016f\u017ekov\u00fdch pokoj\u00edch. V\u0161echny pokoje jsou neku\u0159\u00e1ck\u00e9. V\u00fdhled z na\u0161ich klimatizovan\u00fdch pokoj\u016f je z \u010d\u00e1sti na malebn\u00e9 n\u00e1m\u011bst\u00ed Na Kamp\u011b, jeho\u017e vzhled v\u00e1s p\u0159enese zp\u011bt do 16. stolet\u00ed anebo se m\u016f\u017eete kochat romantick\u00fdm v\u00fdhledem na Karl\u016fv most a Vltavu. [&hellip;]<\/p>\n","protected":false},"author":4,"featured_media":0,"parent":0,"menu_order":10,"comment_status":"closed","ping_status":"closed","template":"","meta":{"footnotes":""},"class_list":["post-190","page","type-page","status-publish","hentry"],"yoast_head":"<!-- This site is optimized with the Yoast SEO plugin v26.9 - https:\/\/yoast.com\/product\/yoast-seo-wordpress\/ -->\n<title>Pokoje - Archibald at the Charles Bridge<\/title>\n<meta name=\"robots\" content=\"index, follow, max-snippet:-1, max-image-preview:large, max-video-preview:-1\" \/>\n<link rel=\"canonical\" href=\"https:\/\/www.archibaldatthecharlesbridge.cz\/cs\/pokoje\/\" \/>\n<meta property=\"og:locale\" content=\"cs_CZ\" \/>\n<meta property=\"og:type\" content=\"article\" \/>\n<meta property=\"og:title\" content=\"Pokoje - Archibald at the Charles Bridge\" \/>\n<meta property=\"og:description\" content=\"Hotel Archibald At the Charles Bridge s celkovou kapacitou 43 pokoj\u016f nab\u00edz\u00ed ubytov\u00e1n\u00ed v dvoul\u016f\u017ekov\u00fdch, t\u0159\u00edl\u016f\u017ekov\u00fdch nebo \u010dty\u0159l\u016f\u017ekov\u00fdch pokoj\u00edch. V\u0161echny pokoje jsou neku\u0159\u00e1ck\u00e9. V\u00fdhled z na\u0161ich klimatizovan\u00fdch pokoj\u016f je z \u010d\u00e1sti na malebn\u00e9 n\u00e1m\u011bst\u00ed Na Kamp\u011b, jeho\u017e vzhled v\u00e1s p\u0159enese zp\u011bt do 16. stolet\u00ed anebo se m\u016f\u017eete kochat romantick\u00fdm v\u00fdhledem na Karl\u016fv most a Vltavu. [&hellip;]\" \/>\n<meta property=\"og:url\" content=\"https:\/\/www.archibaldatthecharlesbridge.cz\/cs\/pokoje\/\" \/>\n<meta property=\"og:site_name\" content=\"Archibald at the Charles Bridge\" \/>\n<meta property=\"article:modified_time\" content=\"2020-12-15T11:28:47+00:00\" \/>\n<meta name=\"twitter:card\" content=\"summary_large_image\" \/>\n<script type=\"application\/ld+json\" class=\"yoast-schema-graph\">{\"@context\":\"https:\/\/schema.org\",\"@graph\":[{\"@type\":\"WebPage\",\"@id\":\"https:\/\/www.archibaldatthecharlesbridge.cz\/cs\/pokoje\/\",\"url\":\"https:\/\/www.archibaldatthecharlesbridge.cz\/cs\/pokoje\/\",\"name\":\"Pokoje - Archibald at the Charles Bridge\",\"isPartOf\":{\"@id\":\"https:\/\/www.archibaldatthecharlesbridge.cz\/cs\/#website\"},\"datePublished\":\"2020-09-09T13:08:39+00:00\",\"dateModified\":\"2020-12-15T11:28:47+00:00\",\"breadcrumb\":{\"@id\":\"https:\/\/www.archibaldatthecharlesbridge.cz\/cs\/pokoje\/#breadcrumb\"},\"inLanguage\":\"cs\",\"potentialAction\":[{\"@type\":\"ReadAction\",\"target\":[\"https:\/\/www.archibaldatthecharlesbridge.cz\/cs\/pokoje\/\"]}]},{\"@type\":\"BreadcrumbList\",\"@id\":\"https:\/\/www.archibaldatthecharlesbridge.cz\/cs\/pokoje\/#breadcrumb\",\"itemListElement\":[{\"@type\":\"ListItem\",\"position\":1,\"name\":\"Home\",\"item\":\"https:\/\/www.archibaldatthecharlesbridge.cz\/cs\/\"},{\"@type\":\"ListItem\",\"position\":2,\"name\":\"Pokoje\"}]},{\"@type\":\"WebSite\",\"@id\":\"https:\/\/www.archibaldatthecharlesbridge.cz\/cs\/#website\",\"url\":\"https:\/\/www.archibaldatthecharlesbridge.cz\/cs\/\",\"name\":\"Archibald at the Charles Bridge\",\"description\":\"Just another ms.decms.eu site\",\"potentialAction\":[{\"@type\":\"SearchAction\",\"target\":{\"@type\":\"EntryPoint\",\"urlTemplate\":\"https:\/\/www.archibaldatthecharlesbridge.cz\/cs\/?s={search_term_string}\"},\"query-input\":{\"@type\":\"PropertyValueSpecification\",\"valueRequired\":true,\"valueName\":\"search_term_string\"}}],\"inLanguage\":\"cs\"}]}<\/script>\n<!-- \/ Yoast SEO plugin. -->","yoast_head_json":{"title":"Pokoje - Archibald at the Charles Bridge","robots":{"index":"index","follow":"follow","max-snippet":"max-snippet:-1","max-image-preview":"max-image-preview:large","max-video-preview":"max-video-preview:-1"},"canonical":"https:\/\/www.archibaldatthecharlesbridge.cz\/cs\/pokoje\/","og_locale":"cs_CZ","og_type":"article","og_title":"Pokoje - Archibald at the Charles Bridge","og_description":"Hotel Archibald At the Charles Bridge s celkovou kapacitou 43 pokoj\u016f nab\u00edz\u00ed ubytov\u00e1n\u00ed v dvoul\u016f\u017ekov\u00fdch, t\u0159\u00edl\u016f\u017ekov\u00fdch nebo \u010dty\u0159l\u016f\u017ekov\u00fdch pokoj\u00edch. V\u0161echny pokoje jsou neku\u0159\u00e1ck\u00e9. V\u00fdhled z na\u0161ich klimatizovan\u00fdch pokoj\u016f je z \u010d\u00e1sti na malebn\u00e9 n\u00e1m\u011bst\u00ed Na Kamp\u011b, jeho\u017e vzhled v\u00e1s p\u0159enese zp\u011bt do 16. stolet\u00ed anebo se m\u016f\u017eete kochat romantick\u00fdm v\u00fdhledem na Karl\u016fv most a Vltavu. [&hellip;]","og_url":"https:\/\/www.archibaldatthecharlesbridge.cz\/cs\/pokoje\/","og_site_name":"Archibald at the Charles Bridge","article_modified_time":"2020-12-15T11:28:47+00:00","twitter_card":"summary_large_image","schema":{"@context":"https:\/\/schema.org","@graph":[{"@type":"WebPage","@id":"https:\/\/www.archibaldatthecharlesbridge.cz\/cs\/pokoje\/","url":"https:\/\/www.archibaldatthecharlesbridge.cz\/cs\/pokoje\/","name":"Pokoje - Archibald at the Charles Bridge","isPartOf":{"@id":"https:\/\/www.archibaldatthecharlesbridge.cz\/cs\/#website"},"datePublished":"2020-09-09T13:08:39+00:00","dateModified":"2020-12-15T11:28:47+00:00","breadcrumb":{"@id":"https:\/\/www.archibaldatthecharlesbridge.cz\/cs\/pokoje\/#breadcrumb"},"inLanguage":"cs","potentialAction":[{"@type":"ReadAction","target":["https:\/\/www.archibaldatthecharlesbridge.cz\/cs\/pokoje\/"]}]},{"@type":"BreadcrumbList","@id":"https:\/\/www.archibaldatthecharlesbridge.cz\/cs\/pokoje\/#breadcrumb","itemListElement":[{"@type":"ListItem","position":1,"name":"Home","item":"https:\/\/www.archibaldatthecharlesbridge.cz\/cs\/"},{"@type":"ListItem","position":2,"name":"Pokoje"}]},{"@type":"WebSite","@id":"https:\/\/www.archibaldatthecharlesbridge.cz\/cs\/#website","url":"https:\/\/www.archibaldatthecharlesbridge.cz\/cs\/","name":"Archibald at the Charles Bridge","description":"Just another ms.decms.eu site","potentialAction":[{"@type":"SearchAction","target":{"@type":"EntryPoint","urlTemplate":"https:\/\/www.archibaldatthecharlesbridge.cz\/cs\/?s={search_term_string}"},"query-input":{"@type":"PropertyValueSpecification","valueRequired":true,"valueName":"search_term_string"}}],"inLanguage":"cs"}]}},"acf":[],"_links":{"self":[{"href":"https:\/\/www.archibaldatthecharlesbridge.cz\/cs\/wp-json\/wp\/v2\/pages\/190","targetHints":{"allow":["GET"]}}],"collection":[{"href":"https:\/\/www.archibaldatthecharlesbridge.cz\/cs\/wp-json\/wp\/v2\/pages"}],"about":[{"href":"https:\/\/www.archibaldatthecharlesbridge.cz\/cs\/wp-json\/wp\/v2\/types\/page"}],"author":[{"embeddable":true,"href":"https:\/\/www.archibaldatthecharlesbridge.cz\/cs\/wp-json\/wp\/v2\/users\/4"}],"replies":[{"embeddable":true,"href":"https:\/\/www.archibaldatthecharlesbridge.cz\/cs\/wp-json\/wp\/v2\/comments?post=190"}],"version-history":[{"count":0,"href":"https:\/\/www.archibaldatthecharlesbridge.cz\/cs\/wp-json\/wp\/v2\/pages\/190\/revisions"}],"wp:attachment":[{"href":"https:\/\/www.archibaldatthecharlesbridge.cz\/cs\/wp-json\/wp\/v2\/media?parent=190"}],"curies":[{"name":"wp","href":"https:\/\/api.w.org\/{rel}","templated":true}]}}